{"id":960,"date":"2025-04-27T18:58:12","date_gmt":"2025-04-27T18:58:12","guid":{"rendered":"https:\/\/grlogisticsarl.com\/home\/"},"modified":"2025-04-29T16:43:39","modified_gmt":"2025-04-29T16:43:39","slug":"home","status":"publish","type":"page","link":"https:\/\/grlogisticsarl.com\/fr\/","title":{"rendered":"Home"},"content":{"rendered":"<div class=\"wp-block-uagb-container uagb-block-b4bdb975 alignfull uagb-is-root-container\"><div class=\"uagb-container-inner-blocks-wrap\">\n<div class=\"wp-block-uagb-info-box uagb-block-3b7e0e21 uagb-infobox__content-wrap  uagb-infobox-icon-above-title uagb-infobox-image-valign-top wp-block-uagb-info-box--has-margin\"><div class=\"uagb-infobox-margin-wrapper\"><div class=\"uagb-ifb-content\"><div class=\"uagb-ifb-title-wrap\"><h4 class=\"uagb-ifb-title-prefix\">Alimenter Votre Avenir, Offrir l\u2019Excellence<\/h4><h1 class=\"uagb-ifb-title\">GR LOGISTIC SARL<\/h1><\/div><div class=\"uagb-ifb-button-wrapper wp-block-button\"><a href=\"\/fr\/contact\/\" class=\"uagb-infobox-cta-link wp-block-button__link\" target=\"_self\" rel=\"noopener noreferrer\" onclick=\"return true;\"><span class=\"uagb-inline-editing\">Contactez-Nous<\/span><\/a><\/div><\/div><\/div><\/div>\n\n\n      \n\t\t\t<div class=\"uagb-icon-wrapper uagb-block-62f0ec94\"\n\t\t\tstyle=\"\" >\n\t\t\t\t\t\t\t\t\t<span class=\"uagb-svg-wrapper\" \n\t\t\t\t\t aria-label=\"down-long\"\t\t\t\t\ttabindex=\"0\">\t\t\n\t\t\t\t\t\t\t\t\t\t<svg xmlns=\"https:\/\/www.w3.org\/2000\/svg\" viewbox= \"0 0 320 512\" role=\"graphics-symbol\" aria-hidden=\"false\" aria-label=\"\"><path d=\"M281.6 392.3l-104 112.1c-9.498 10.24-25.69 10.24-35.19 0l-104-112.1c-6.484-6.992-8.219-17.18-4.404-25.94c3.811-8.758 12.45-14.42 21.1-14.42H128V32c0-17.69 14.33-32 32-32S192 14.31 192 32v319.9h72c9.547 0 18.19 5.66 22 14.42C289.8 375.1 288.1 385.3 281.6 392.3z\"><\/path><\/svg>\n\t\t\t\t\t\t\t\t\t<\/span>\n\t\t\t\t\t\t\t<\/div>\n\t\t\t<\/div><\/div>\n\n\n\n<div class=\"wp-block-uagb-container uagb-block-872b8b7f alignfull uagb-is-root-container\"><div class=\"uagb-container-inner-blocks-wrap\">\n<div class=\"wp-block-uagb-info-box uagb-block-04f073f9 uagb-infobox__content-wrap  uagb-infobox-icon-above-title uagb-infobox-image-valign-top\"><div class=\"uagb-ifb-content\"><div class=\"uagb-ifb-title-wrap\"><h5 class=\"uagb-ifb-title-prefix translation-block\"><strong>Logistique Fiable de Carburant en RDCongo<\/strong>\u200b<\/h5><h2 class=\"uagb-ifb-title\">Votre Partenaire de Confiance pour l\u2019Approvisionnement et la Livraison de Carburant<\/h2><\/div><p class=\"uagb-ifb-desc translation-block\">Chez <strong>GR Logistic SARL<\/strong>, nous sommes sp\u00e9cialis\u00e9s dans la logistique de carburant fiable et efficace \u00e0 travers la R\u00e9publique D\u00e9mocratique du Congo. Que vous dirigiez des op\u00e9rations industrielles, g\u00e9riez une flotte de transport ou ayez besoin d\u2019un approvisionnement r\u00e9gulier en carburant pour vos chantiers, nous garantissons une livraison ponctuelle o\u00f9 que vous soyez.<\/p><div class=\"uagb-ifb-button-wrapper wp-block-button\"><a href=\"\/fr\/about\/\" class=\"uagb-infobox-cta-link wp-block-button__link\" target=\"_self\" rel=\"noopener noreferrer\" onclick=\"return true;\"><span class=\"uagb-inline-editing\">En savoir plus<\/span><\/a><\/div><\/div><\/div>\n<\/div><\/div>\n\n\n\n<div class=\"wp-block-uagb-container uagb-block-00d4defe alignfull uagb-is-root-container\"><div class=\"uagb-container-inner-blocks-wrap\">\n<div class=\"wp-block-uagb-container uagb-block-0ff6e26b\">\n<div class=\"wp-block-uagb-info-box uagb-block-a18047a9 uagb-infobox__content-wrap  uagb-infobox-icon-above-title uagb-infobox-image-valign-top\"><div class=\"uagb-ifb-content\"><div class=\"uagb-ifb-title-wrap\"><h5 class=\"uagb-ifb-title-prefix\">\u200b<\/h5><h3 class=\"uagb-ifb-title\">NOS SERVICES<\/h3><\/div><div class=\"uagb-ifb-separator\"><\/div><\/div><\/div>\n\n\n\n<div class=\"wp-block-uagb-info-box uagb-block-65e4fed4 uagb-infobox__content-wrap  uagb-infobox-icon-above-title uagb-infobox-image-valign-top\"><div class=\"uagb-ifb-content\"><div class=\"uagb-ifb-title-wrap\"><h4 class=\"uagb-ifb-title\">Approvisionnement en Carburant en Gros (Diesel, Essence, Jet A1)<\/h4><\/div><p class=\"uagb-ifb-desc\">Nous fournissons du carburant de haute qualit\u00e9 en grande quantit\u00e9, y compris du diesel, de l\u2019essence (p\u00e9trol) et du carburant d\u2019aviation Jet A1, pour r\u00e9pondre aux besoins op\u00e9rationnels des entreprises \u00e0 travers la R\u00e9publique D\u00e9mocratique du Congo.<\/p><div class=\"uagb-ifb-separator\"><\/div><\/div><\/div>\n\n\n\n<div class=\"wp-block-uagb-info-box uagb-block-354ed25d uagb-infobox__content-wrap  uagb-infobox-icon-above-title uagb-infobox-image-valign-top\"><div class=\"uagb-ifb-content\"><div class=\"uagb-ifb-title-wrap\"><h4 class=\"uagb-ifb-title\">Transport de Carburant S\u00e9curis\u00e9 et Ponctuel<\/h4><\/div><p class=\"uagb-ifb-desc\">Nous offrons un service de transport de carburant s\u00fbr, fiable et ponctuel dans toutes les r\u00e9gions de la RDC, y compris les zones difficiles d\u2019acc\u00e8s et les sites \u00e9loign\u00e9s.<\/p><div class=\"uagb-ifb-separator\"><\/div><\/div><\/div>\n\n\n\n<div class=\"wp-block-uagb-info-box uagb-block-7006b63e uagb-infobox__content-wrap  uagb-infobox-icon-above-title uagb-infobox-image-valign-top\"><div class=\"uagb-ifb-content\"><div class=\"uagb-ifb-title-wrap\"><h4 class=\"uagb-ifb-title\">Solutions de Stockage et de Surveillance du Carburant<\/h4><\/div><p class=\"uagb-ifb-desc\">Nous mettons \u00e0 disposition des syst\u00e8mes de stockage de carburant temporaires ou permanents, con\u00e7us pour maximiser l\u2019efficacit\u00e9 op\u00e9rationnelle tout en assurant la s\u00e9curit\u00e9 environnementale.<\/p><\/div><\/div>\n<\/div>\n\n\n\n<div class=\"wp-block-uagb-advanced-heading uagb-block-486ebb25\"><h2 class=\"uagb-heading-text\">Carburant Fiable, O\u00f9 Que Vous Soyez, Quand Vous en Avez Besoin.<\/h2><\/div>\n<\/div><\/div>\n\n\n\n<div class=\"wp-block-uagb-container uagb-block-a7505d68 alignfull uagb-is-root-container\"><div class=\"uagb-container-inner-blocks-wrap\">\n<div class=\"wp-block-uagb-advanced-heading uagb-block-2fbfbc08\"><h2 class=\"uagb-heading-text\">Pourquoi Nous Choisir ?<\/h2><\/div>\n\n\n\n<section class=\"wp-block-uagb-columns uagb-columns__wrap uagb-columns__background-none uagb-columns__stack-mobile uagb-columns__valign-top uagb-columns__gap-10 align uagb-block-5f711ba8 uagb-columns__columns-4 uagb-columns__max_width-theme\"><div class=\"uagb-columns__overlay\"><\/div><div class=\"uagb-columns__inner-wrap uagb-columns__columns-4\">\n<div class=\"wp-block-uagb-column uagb-column__wrap uagb-column__background-undefined uagb-block-4f04731c\"><div class=\"uagb-column__overlay\"><\/div>\n<div class=\"wp-block-uagb-info-box uagb-block-e51a4fc0 uagb-infobox__content-wrap  uagb-infobox-icon-above-title uagb-infobox-image-valign-top\"><div class=\"uagb-ifb-content\"><div class=\"uagb-ifb-icon-wrap\"><svg xmlns=\"https:\/\/www.w3.org\/2000\/svg\" viewbox=\"0 0 512 512\"><path d=\"M184 0C214.9 0 240 25.07 240 56V456C240 486.9 214.9 512 184 512C155.1 512 131.3 490.1 128.3 461.9C123.1 463.3 117.6 464 112 464C76.65 464 48 435.3 48 400C48 392.6 49.27 385.4 51.59 378.8C21.43 367.4 0 338.2 0 304C0 272.1 18.71 244.5 45.77 231.7C37.15 220.8 32 206.1 32 192C32 161.3 53.59 135.7 82.41 129.4C80.84 123.9 80 118 80 112C80 82.06 100.6 56.92 128.3 49.93C131.3 21.86 155.1 0 184 0zM383.7 49.93C411.4 56.92 432 82.06 432 112C432 118 431.2 123.9 429.6 129.4C458.4 135.7 480 161.3 480 192C480 206.1 474.9 220.8 466.2 231.7C493.3 244.5 512 272.1 512 304C512 338.2 490.6 367.4 460.4 378.8C462.7 385.4 464 392.6 464 400C464 435.3 435.3 464 400 464C394.4 464 388.9 463.3 383.7 461.9C380.7 490.1 356.9 512 328 512C297.1 512 272 486.9 272 456V56C272 25.07 297.1 0 328 0C356.9 0 380.7 21.86 383.7 49.93z\"><\/path><\/svg><\/div><div class=\"uagb-ifb-title-wrap\"><h3 class=\"uagb-ifb-title\">Expertise Locale<\/h3><\/div><p class=\"uagb-ifb-desc\">Nous connaissons parfaitement le terrain, les infrastructures et les besoins logistiques de la RDC.<\/p><\/div><\/div>\n<\/div>\n\n\n\n<div class=\"wp-block-uagb-column uagb-column__wrap uagb-column__background-undefined uagb-block-9242f6e8\"><div class=\"uagb-column__overlay\"><\/div>\n<div class=\"wp-block-uagb-info-box uagb-block-a75f50ba uagb-infobox__content-wrap  uagb-infobox-icon-above-title uagb-infobox-image-valign-top\"><div class=\"uagb-ifb-content\"><div class=\"uagb-ifb-icon-wrap\"><svg xmlns=\"https:\/\/www.w3.org\/2000\/svg\" viewbox=\"0 0 512 512\"><path d=\"M443.1 0H71.9C67.9 37.3 37.4 67.8 0 71.7v371.5c37.4 4.9 66 32.4 71.9 68.8h372.2c3-36.4 32.5-65.8 67.9-69.8V71.7c-36.4-5.9-65-35.3-68.9-71.7zm-37 404.9c-36.3 0-18.8-2-55.1-2-35.8 0-21 2-56.1 2-5.9 0-4.9-8.2 0-9.8 22.8-7.6 22.9-10.2 24.6-12.8 10.4-15.6 5.9-83 5.9-113 0-5.3-6.4-12.8-13.8-12.8H200.4c-7.4 0-13.8 7.5-13.8 12.8 0 30-4.5 97.4 5.9 113 1.7 2.5 1.8 5.2 24.6 12.8 4.9 1.6 6 9.8 0 9.8-35.1 0-20.3-2-56.1-2-36.3 0-18.8 2-55.1 2-7.9 0-5.8-10.8 0-10.8 10.2-3.4 13.5-3.5 21.7-13.8 7.7-12.9 7.9-44.4 7.9-127.8V151.3c0-22.2-12.2-28.3-28.6-32.4-8.8-2.2-4-11.8 1-11.8 36.5 0 20.6 2 57.1 2 32.7 0 16.5-2 49.2-2 3.3 0 8.5 8.3 1 10.8-4.9 1.6-27.6 3.7-27.6 39.3 0 45.6-.2 55.8 1 68.8 0 1.3 2.3 12.8 12.8 12.8h109.2c10.5 0 12.8-11.5 12.8-12.8 1.2-13 1-23.2 1-68.8 0-35.6-22.7-37.7-27.6-39.3-7.5-2.5-2.3-10.8 1-10.8 32.7 0 16.5 2 49.2 2 36.5 0 20.6-2 57.1-2 4.9 0 9.9 9.6 1 11.8-16.4 4.1-28.6 10.3-28.6 32.4v101.2c0 83.4 .1 114.9 7.9 127.8 8.2 10.2 11.4 10.4 21.7 13.8 5.8 0 7.8 10.8 0 10.8z\"><\/path><\/svg><\/div><div class=\"uagb-ifb-title-wrap\"><h3 class=\"uagb-ifb-title\">Assistance 24h\/24 et 7j\/7<\/h3><\/div><p class=\"uagb-ifb-desc\">Urgence carburant ? Nous sommes toujours pr\u00eats \u00e0 intervenir.<\/p><\/div><\/div>\n<\/div>\n\n\n\n<div class=\"wp-block-uagb-column uagb-column__wrap uagb-column__background-undefined uagb-block-9fb8aa88\"><div class=\"uagb-column__overlay\"><\/div>\n<div class=\"wp-block-uagb-info-box uagb-block-48eaab81 uagb-infobox__content-wrap  uagb-infobox-icon-above-title uagb-infobox-image-valign-top\"><div class=\"uagb-ifb-content\"><div class=\"uagb-ifb-icon-wrap\"><svg xmlns=\"https:\/\/www.w3.org\/2000\/svg\" viewbox=\"0 0 512 512\"><path d=\"M96 304C96 312.8 103.3 320 112 320h117.5l-96-96H112C103.3 224 96 231.3 96 240V304zM256 0C114.6 0 0 114.6 0 256s114.6 256 256 256s256-114.6 256-256S397.4 0 256 0zM256 448c-105.9 0-192-86.13-192-192c0-41.38 13.25-79.75 35.75-111.1l267.4 267.4C335.8 434.8 297.4 448 256 448zM301.2 256H384v32h-50.81L301.2 256zM412.3 367.1L365.2 320H400c8.75 0 16-7.25 16-16v-64C416 231.3 408.8 224 400 224h-130.8L144.9 99.75C176.3 77.25 214.6 64 256 64C361.9 64 448 150.1 448 256C448 297.4 434.8 335.8 412.3 367.1zM320.6 128C305 128 292 116.8 289.3 102.1C288.5 98.5 285.3 96 281.5 96h-16.25c-5 0-8.625 4.5-8 9.375C261.9 136.3 288.5 160 320.6 160C336.3 160 349.3 171.3 352 185.9C352.8 189.5 356 192 359.8 192h16.17c5 0 8.708-4.5 7.958-9.375C379.3 151.7 352.8 128 320.6 128z\"><\/path><\/svg><\/div><div class=\"uagb-ifb-title-wrap\"><h3 class=\"uagb-ifb-title\">S\u00e9curit\u00e9<\/h3><\/div><p class=\"uagb-ifb-desc\">Nos services respectent les normes internationales de s\u00e9curit\u00e9 en mati\u00e8re de transport et de livraison de carburant.<\/p><\/div><\/div>\n<\/div>\n\n\n\n<div class=\"wp-block-uagb-column uagb-column__wrap uagb-column__background-undefined uagb-block-d4196473\"><div class=\"uagb-column__overlay\"><\/div>\n<div class=\"wp-block-uagb-info-box uagb-block-7185cd65 uagb-infobox__content-wrap  uagb-infobox-icon-above-title uagb-infobox-image-valign-top\"><div class=\"uagb-ifb-content\"><div class=\"uagb-ifb-icon-wrap\"><svg xmlns=\"https:\/\/www.w3.org\/2000\/svg\" viewbox=\"0 0 512 512\"><path d=\"M320 488C320 497.5 314.4 506.1 305.8 509.9C297.1 513.8 286.1 512.2 279.9 505.8L199.9 433.8C194.9 429.3 192 422.8 192 416C192 409.2 194.9 402.7 199.9 398.2L279.9 326.2C286.1 319.8 297.1 318.2 305.8 322.1C314.4 325.9 320 334.5 320 344V384H336C371.3 384 400 355.3 400 320V153.3C371.7 140.1 352 112.8 352 80C352 35.82 387.8 0 432 0C476.2 0 512 35.82 512 80C512 112.8 492.3 140.1 464 153.3V320C464 390.7 406.7 448 336 448H320V488zM456 79.1C456 66.74 445.3 55.1 432 55.1C418.7 55.1 408 66.74 408 79.1C408 93.25 418.7 103.1 432 103.1C445.3 103.1 456 93.25 456 79.1zM192 24C192 14.52 197.6 5.932 206.2 2.076C214.9-1.78 225-.1789 232.1 6.161L312.1 78.16C317.1 82.71 320 89.2 320 96C320 102.8 317.1 109.3 312.1 113.8L232.1 185.8C225 192.2 214.9 193.8 206.2 189.9C197.6 186.1 192 177.5 192 168V128H176C140.7 128 112 156.7 112 192V358.7C140.3 371 160 399.2 160 432C160 476.2 124.2 512 80 512C35.82 512 0 476.2 0 432C0 399.2 19.75 371 48 358.7V192C48 121.3 105.3 64 176 64H192V24zM56 432C56 445.3 66.75 456 80 456C93.25 456 104 445.3 104 432C104 418.7 93.25 408 80 408C66.75 408 56 418.7 56 432z\"><\/path><\/svg><\/div><div class=\"uagb-ifb-title-wrap\"><h3 class=\"uagb-ifb-title\">Contrats Flexibles<\/h3><\/div><p class=\"uagb-ifb-desc\">Accords d\u2019approvisionnement en carburant \u00e0 court ou long terme, adapt\u00e9s \u00e0 vos besoins sp\u00e9cifiques.<\/p><\/div><\/div>\n<\/div>\n<\/div><\/section>\n<\/div><\/div>\n\n\n\n<div class=\"wp-block-uagb-container uagb-block-b53ffa76 alignfull uagb-is-root-container\"><div class=\"uagb-container-inner-blocks-wrap\">\n<div class=\"wp-block-uagb-advanced-heading uagb-block-ddb08f08\"><h2 class=\"uagb-heading-text\">Nous Apportons le Carburant L\u00e0 O\u00f9 les Autres N\u2019Arrivent Pas.<\/h2><\/div>\n\n\n\n<section class=\"wp-block-uagb-columns uagb-columns__wrap uagb-columns__background-none uagb-columns__stack-mobile uagb-columns__valign- uagb-columns__gap-10 align uagb-block-8d165259 uagb-columns__columns-2 uagb-columns__max_width-theme\"><div class=\"uagb-columns__overlay\"><\/div><div class=\"uagb-columns__inner-wrap uagb-columns__columns-2\">\n<div class=\"wp-block-uagb-column uagb-column__wrap uagb-column__background-image uagb-block-dc1b54bc\"><div class=\"uagb-column__overlay\"><\/div><\/div>\n\n\n\n<div class=\"wp-block-uagb-column uagb-column__wrap uagb-column__background-undefined uagb-block-d995ec17\"><div class=\"uagb-column__overlay\"><\/div>\n<div class=\"wp-block-uagb-advanced-heading uagb-block-6651fadf\"><h1 class=\"uagb-heading-text\">&#8220;<\/h1><\/div>\n\n\n\n<p class=\"has-text-align-center translation-block\" style=\"font-size:18px;letter-spacing:0.8px;line-height:2\">Nous fournissons du carburant en vrac, y compris du diesel, de l\u2019essence (p\u00e9trol), du Jet A1 et du k\u00e9ros\u00e8ne, gr\u00e2ce \u00e0 notre r\u00e9seau de transport fiable et s\u00e9curis\u00e9. Gr\u00e2ce \u00e0 des d\u00e9p\u00f4ts strat\u00e9giquement situ\u00e9s et des unit\u00e9s de livraison mobiles, nous assurons une livraison rapide, m\u00eame dans les zones les plus difficiles d\u2019acc\u00e8s.<\/p>\n\n\n\n<div class=\"wp-block-uagb-advanced-heading uagb-block-891cf850\"><h1 class=\"uagb-heading-text\">&#8220;<\/h1><\/div>\n<\/div>\n<\/div><\/section>\n<\/div><\/div>\n\n\n\n<div class=\"wp-block-uagb-container uagb-layout-grid uagb-block-33f42645 alignfull uagb-is-root-container\"><div class=\"uagb-container-inner-blocks-wrap\">\n<div class=\"wp-block-uagb-advanced-heading uagb-block-469ef222\"><h3 class=\"uagb-heading-text translation-block\">Vous recherchez un partenaire fiable en approvisionnement de carburant en RDCongo?<\/h3><\/div>\n\n\n\n<div class=\"wp-block-uagb-buttons uagb-buttons__outer-wrap uagb-btn__default-btn uagb-btn-tablet__default-btn uagb-btn-mobile__default-btn uagb-block-d06e9bda\"><div class=\"uagb-buttons__wrap uagb-buttons-layout-wrap\">\n<div class=\"wp-block-uagb-buttons-child uagb-buttons__outer-wrap uagb-block-f4dacab3 wp-block-button\"><div class=\"uagb-button__wrapper\"><a class=\"uagb-buttons-repeater wp-block-button__link\" aria-label=\"\" href=\"#\" rel=\"follow noopener\" target=\"_self\" role=\"button\"><div class=\"uagb-button__link\">Demandez Maintenant<\/div><\/a><\/div><\/div>\n<\/div><\/div>\n<\/div><\/div>","protected":false},"excerpt":{"rendered":"<p>Reliable Fuel, Wherever You Are, Whenever You Need It. Why Choose Us? We Bring Fuel Where Others Can\u2019t. &#8220; We provide bulk fuel supply, including diesel, petrol (gasoline), Jet A1, and kerosene, delivered through our reliable and secure transportation network. With strategically positioned depots and mobile delivery units, we ensure prompt delivery to even the [&hellip;]<\/p>","protected":false},"author":1,"featured_media":0,"parent":0,"menu_order":0,"comment_status":"closed","ping_status":"closed","template":"","meta":{"_uag_custom_page_level_css":"","site-sidebar-layout":"no-sidebar","site-content-layout":"plain-container","ast-site-content-layout":"normal-width-container","site-content-style":"unboxed","site-sidebar-style":"unboxed","ast-global-header-display":"","ast-banner-title-visibility":"","ast-main-header-display":"","ast-hfb-above-header-display":"","ast-hfb-below-header-display":"","ast-hfb-mobile-header-display":"","site-post-title":"disabled","ast-breadcrumbs-content":"","ast-featured-img":"disabled","footer-sml-layout":"","theme-transparent-header-meta":"enabled","adv-header-id-meta":"","stick-header-meta":"","header-above-stick-meta":"","header-main-stick-meta":"","header-below-stick-meta":"","astra-migrate-meta-layouts":"set","ast-page-background-enabled":"default","ast-page-background-meta":{"desktop":{"background-color":"","background-image":"","background-repeat":"repeat","background-position":"center center","background-size":"auto","background-attachment":"scroll","background-type":"","background-media":"","overlay-type":"","overlay-color":"","overlay-opacity":"","overlay-gradient":""},"tablet":{"background-color":"","background-image":"","background-repeat":"repeat","background-position":"center center","background-size":"auto","background-attachment":"scroll","background-type":"","background-media":"","overlay-type":"","overlay-color":"","overlay-opacity":"","overlay-gradient":""},"mobile":{"background-color":"","background-image":"","background-repeat":"repeat","background-position":"center center","background-size":"auto","background-attachment":"scroll","background-type":"","background-media":"","overlay-type":"","overlay-color":"","overlay-opacity":"","overlay-gradient":""}},"ast-content-background-meta":{"desktop":{"background-color":"var(--ast-global-color-5)","background-image":"","background-repeat":"repeat","background-position":"center center","background-size":"auto","background-attachment":"scroll","background-type":"","background-media":"","overlay-type":"","overlay-color":"","overlay-opacity":"","overlay-gradient":""},"tablet":{"background-color":"var(--ast-global-color-5)","background-image":"","background-repeat":"repeat","background-position":"center center","background-size":"auto","background-attachment":"scroll","background-type":"","background-media":"","overlay-type":"","overlay-color":"","overlay-opacity":"","overlay-gradient":""},"mobile":{"background-color":"var(--ast-global-color-5)","background-image":"","background-repeat":"repeat","background-position":"center center","background-size":"auto","background-attachment":"scroll","background-type":"","background-media":"","overlay-type":"","overlay-color":"","overlay-opacity":"","overlay-gradient":""}},"footnotes":""},"class_list":["post-960","page","type-page","status-publish","hentry"],"aioseo_notices":[],"uagb_featured_image_src":{"full":false,"thumbnail":false,"medium":false,"medium_large":false,"large":false,"1536x1536":false,"2048x2048":false,"trp-custom-language-flag":false},"uagb_author_info":{"display_name":"engatto75@gmail.com","author_link":"https:\/\/grlogisticsarl.com\/fr\/author\/engatto75gmail-com\/"},"uagb_comment_info":0,"uagb_excerpt":"Reliable Fuel, Wherever You Are, Whenever You Need It. Why Choose Us? We Bring Fuel Where Others Can\u2019t. &#8220; We provide bulk fuel supply, including diesel, petrol (gasoline), Jet A1, and kerosene, delivered through our reliable and secure transportation network. With strategically positioned depots and mobile delivery units, we ensure prompt delivery to even the\u2026","_links":{"self":[{"href":"https:\/\/grlogisticsarl.com\/fr\/wp-json\/wp\/v2\/pages\/960","targetHints":{"allow":["GET"]}}],"collection":[{"href":"https:\/\/grlogisticsarl.com\/fr\/wp-json\/wp\/v2\/pages"}],"about":[{"href":"https:\/\/grlogisticsarl.com\/fr\/wp-json\/wp\/v2\/types\/page"}],"author":[{"embeddable":true,"href":"https:\/\/grlogisticsarl.com\/fr\/wp-json\/wp\/v2\/users\/1"}],"replies":[{"embeddable":true,"href":"https:\/\/grlogisticsarl.com\/fr\/wp-json\/wp\/v2\/comments?post=960"}],"version-history":[{"count":19,"href":"https:\/\/grlogisticsarl.com\/fr\/wp-json\/wp\/v2\/pages\/960\/revisions"}],"predecessor-version":[{"id":2573,"href":"https:\/\/grlogisticsarl.com\/fr\/wp-json\/wp\/v2\/pages\/960\/revisions\/2573"}],"wp:attachment":[{"href":"https:\/\/grlogisticsarl.com\/fr\/wp-json\/wp\/v2\/media?parent=960"}],"curies":[{"name":"wp","href":"https:\/\/api.w.org\/{rel}","templated":true}]}}