{"id":964,"date":"2025-04-27T18:58:12","date_gmt":"2025-04-27T18:58:12","guid":{"rendered":"https:\/\/grlogisticsarl.com\/services\/"},"modified":"2025-07-21T04:18:57","modified_gmt":"2025-07-21T04:18:57","slug":"services","status":"publish","type":"page","link":"https:\/\/grlogisticsarl.com\/fr\/services\/","title":{"rendered":"Empower Your Growth with Trusted Fuel &#038; Transport Services"},"content":{"rendered":"<div class=\"wp-block-uagb-container uagb-block-c54c600d alignfull uagb-is-root-container\"><div class=\"uagb-container-inner-blocks-wrap\">\n<div class=\"wp-block-uagb-advanced-heading uagb-block-8b796fc7\"><h1 class=\"uagb-heading-text\">Nos Services<\/h1><\/div>\n<\/div><\/div>\n\n\n\n<div class=\"wp-block-uagb-container uagb-layout-grid uagb-block-f919d7e3 alignfull uagb-is-root-container\"><div class=\"uagb-container-inner-blocks-wrap\">\n<div class=\"wp-block-uagb-info-box uagb-block-6acb23fb uagb-infobox__content-wrap  uagb-infobox-icon-above-title uagb-infobox-image-valign-top\"><div class=\"uagb-ifb-content\"><div class=\"uagb-ifb-title-wrap\"><h5 class=\"uagb-ifb-title-prefix\">Ce Que Nous Faisons<\/h5><h2 class=\"uagb-ifb-title\">Des Solutions Fiables en Approvisionnement et Logistique de Carburant \u00e0 Travers la RDC<\/h2><\/div><p class=\"uagb-ifb-desc translation-block\">At <strong>GR Logistics SARL<\/strong>, nous offrons des <strong>services fiables et flexibles d\u2019approvisionnement et de transport de carburant<\/strong> \u00e0 travers la <strong>R\u00e9publique D\u00e9mocratique du Congo<\/strong>. Nous desservons des secteurs tels que <strong>l\u2019exploitation mini\u00e8re, la construction, le transport et l\u2019aviation<\/strong>, en veillant \u00e0 ce qu\u2019ils re\u00e7oivent le carburant n\u00e9cessaire pour fonctionner sans interruption. De la <strong>livraison de diesel en vrac<\/strong> au <strong>carburant d\u2019aviation et aux services d\u2019urgence<\/strong>, nous fournissons un carburant s\u00fbr et de haute qualit\u00e9 l\u00e0 o\u00f9 il est n\u00e9cessaire \u2014 \u00e0 temps et sans retard.<br><br>En plus de l\u2019approvisionnement, nous assurons le <strong>transport s\u00e9curis\u00e9 de carburant<\/strong> gr\u00e2ce \u00e0 des camions-citernes \u00e9quip\u00e9s de GPS et \u00e0 des chauffeurs form\u00e9s qui respectent des normes de s\u00e9curit\u00e9 strictes. Notre r\u00e9seau logistique est con\u00e7u pour atteindre aussi bien les zones urbaines que les sites \u00e9loign\u00e9s et difficiles d\u2019acc\u00e8s. Que vous soyez \u00e0 <strong>Kinshasa, Lubumbashi, Kolwezi<\/strong> ou que vous op\u00e9riez dans des zones industrielles isol\u00e9es, GR Logistics est votre partenaire de confiance pour la <strong>logistique de carburant en RDC<\/strong>.<\/p><\/div><\/div>\n\n\n\n<div class=\"wp-block-uagb-image alignleft uagb-block-e97d88f7 wp-block-uagb-image--layout-default wp-block-uagb-image--effect-static wp-block-uagb-image--align-left\"><figure class=\"wp-block-uagb-image__figure\"><img decoding=\"async\" srcset=\"https:\/\/grlogisticsarl.com\/wp-content\/uploads\/2025\/04\/freepik__the-style-is-candid-image-photography-with-natural__50960-1024x585.png ,https:\/\/grlogisticsarl.com\/wp-content\/uploads\/2025\/04\/freepik__the-style-is-candid-image-photography-with-natural__50960.png 780w, https:\/\/grlogisticsarl.com\/wp-content\/uploads\/2025\/04\/freepik__the-style-is-candid-image-photography-with-natural__50960.png 360w\" sizes=\"auto, (max-width: 480px) 150px\" src=\"https:\/\/grlogisticsarl.com\/wp-content\/uploads\/2025\/04\/freepik__the-style-is-candid-image-photography-with-natural__50960-1024x585.png\" alt=\"bulk diesel delivery\" class=\"uag-image-2480\" width=\"293\" height=\"500\" title=\"bulk diesel delivery\" loading=\"lazy\" role=\"img\"\/><\/figure><\/div>\n\n\n\n<div class=\"wp-block-uagb-image alignleft uagb-block-6db58a0f wp-block-uagb-image--layout-default wp-block-uagb-image--effect-static wp-block-uagb-image--align-left\"><figure class=\"wp-block-uagb-image__figure\"><img decoding=\"async\" srcset=\"https:\/\/grlogisticsarl.com\/wp-content\/uploads\/2025\/06\/plane-airport-terminal-building-1024x684.jpg ,https:\/\/grlogisticsarl.com\/wp-content\/uploads\/2025\/06\/plane-airport-terminal-building-scaled.jpg 780w, https:\/\/grlogisticsarl.com\/wp-content\/uploads\/2025\/06\/plane-airport-terminal-building-scaled.jpg 360w\" sizes=\"auto, (max-width: 480px) 150px\" src=\"https:\/\/grlogisticsarl.com\/wp-content\/uploads\/2025\/06\/plane-airport-terminal-building-1024x684.jpg\" alt=\"aviation fuel\" class=\"uag-image-2544\" width=\"288\" height=\"400\" title=\"aviation fuel\" loading=\"lazy\" role=\"img\"\/><\/figure><\/div>\n<\/div><\/div>\n\n\n\n<div class=\"wp-block-uagb-container uagb-block-7637fadb alignfull uagb-is-root-container\"><div class=\"uagb-container-inner-blocks-wrap\">\n<div class=\"wp-block-uagb-info-box uagb-block-1de365e1 uagb-infobox__content-wrap  uagb-infobox-icon-above-title uagb-infobox-image-valign-top\"><div class=\"uagb-ifb-content\"><div class=\"uagb-ifb-title-wrap\"><h2 class=\"uagb-ifb-title\">Services de Carburant<\/h2><\/div><\/div><\/div>\n\n\n\n<p style=\"font-size:18px\">Nous fournissons des produits p\u00e9troliers de haute qualit\u00e9 \u00e0 travers la R\u00e9publique D\u00e9mocratique du Congo pour r\u00e9pondre \u00e0 vos besoins op\u00e9rationnels. Notre carburant provient de fournisseurs fiables et est livr\u00e9 directement sur votre site, en toute s\u00e9curit\u00e9 et efficacit\u00e9.<\/p>\n\n\n\n<div class=\"wp-block-uagb-container uagb-layout-grid uagb-block-c7842b82\">\n<div class=\"wp-block-uagb-info-box uagb-block-8b0629f9 uagb-infobox__content-wrap  uagb-infobox-icon-above-title uagb-infobox-image-valign-top\"><div class=\"uagb-ifb-content\"><div class=\"uagb-ifb-title-wrap\"><h4 class=\"uagb-ifb-title\">Livraison de Carburant en Vrac<\/h4><\/div><p class=\"uagb-ifb-desc translation-block\">Nous livrons du  <strong>diesel, de l\u2019essence (p\u00e9trol) et du carburant Jet A1<\/strong> en grande quantit\u00e9 directement sur votre site. Ce service est id\u00e9al pour les secteurs de l\u2019exploitation mini\u00e8re, de l\u2019industrie et de l\u2019\u00e9nergie.<\/p><div class=\"uagb-ifb-separator\"><\/div><\/div><\/div>\n\n\n\n<div class=\"wp-block-uagb-info-box uagb-block-8d79e3a5 uagb-infobox__content-wrap  uagb-infobox-icon-above-title uagb-infobox-image-valign-top\"><div class=\"uagb-ifb-content\"><div class=\"uagb-ifb-title-wrap\"><h4 class=\"uagb-ifb-title\">Approvisionnement en Carburant d\u2019Aviation<\/h4><\/div><p class=\"uagb-ifb-desc translation-block\">Nous fournissons du <strong>carburant Jet A1 certifi\u00e9<\/strong> pour les a\u00e9roports, les compagnies a\u00e9riennes et les vols d\u2019urgence. Nous assurons un contr\u00f4le qualit\u00e9 strict, une manipulation s\u00e9curis\u00e9e et un ravitaillement ponctuel.<\/p><div class=\"uagb-ifb-separator\"><\/div><\/div><\/div>\n\n\n\n<div class=\"wp-block-uagb-info-box uagb-block-cba06e60 uagb-infobox__content-wrap  uagb-infobox-icon-above-title uagb-infobox-image-valign-top\"><div class=\"uagb-ifb-content\"><div class=\"uagb-ifb-title-wrap\"><h4 class=\"uagb-ifb-title\">Services de Carburant pour Revendeurs<\/h4><\/div><p class=\"uagb-ifb-desc translation-block\">Vous recherchez un partenaire pour votre station-service? Nous accompagnons les stations et revendeurs en fournissant du carburant de haute qualit\u00e9 avec des options de livraison flexibles.<\/p><\/div><\/div>\n\n\n\n<div class=\"wp-block-uagb-info-box uagb-block-1eb12d96 uagb-infobox__content-wrap  uagb-infobox-icon-above-title uagb-infobox-image-valign-top\"><div class=\"uagb-ifb-content\"><div class=\"uagb-ifb-title-wrap\"><h4 class=\"uagb-ifb-title\">Services d\u2019Urgence en Carburant<\/h4><\/div><p class=\"uagb-ifb-desc translation-block\">Nous r\u00e9pondons rapidement aux <strong>demandes urgentes de carburant<\/strong>, y compris en cas de coupures de courant, de ravitaillement de g\u00e9n\u00e9rateurs, ou de ruptures d\u2019approvisionnement. Notre \u00e9quipe de dispatch est disponible 24h\/24 et 7j\/7.<\/p><\/div><\/div>\n<\/div>\n<\/div><\/div>\n\n\n\n<div class=\"wp-block-uagb-container uagb-block-c54f1f16 alignfull uagb-is-root-container\"><div class=\"uagb-container-inner-blocks-wrap\">\n<div class=\"wp-block-uagb-container uagb-block-fec05088\">\n<div class=\"wp-block-uagb-advanced-heading uagb-block-cbac1e51\"><h2 class=\"uagb-heading-text\">Services Logistiques<\/h2><\/div>\n\n\n\n<div class=\"wp-block-uagb-advanced-heading uagb-block-e838bc14\"><h4 class=\"uagb-heading-text\">Transport de Carburant<\/h4><p class=\"uagb-desc-text translation-block\">Nos camions-citernes \u00e9quip\u00e9s de GPS assurent la livraison de carburant dans toutes les r\u00e9gions de la R\u00e9publique D\u00e9mocratique du Congo, y compris les sites miniers \u00e9loign\u00e9s et les projets d\u2019infrastructure. Chaque livraison est effectu\u00e9e selon des proc\u00e9dures strictes de s\u00e9curit\u00e9 et de manutention.<\/p><\/div>\n<\/div>\n\n\n\n<div class=\"wp-block-uagb-container uagb-block-3703b34b\">\n<div class=\"wp-block-uagb-image uagb-block-fbe506f0 wp-block-uagb-image--layout-default wp-block-uagb-image--effect-static wp-block-uagb-image--align-none\"><figure class=\"wp-block-uagb-image__figure\"><img decoding=\"async\" srcset=\"https:\/\/grlogisticsarl.com\/wp-content\/uploads\/2025\/06\/red-tanker-truck-wet-road-sunset-1024x585.jpg ,https:\/\/grlogisticsarl.com\/wp-content\/uploads\/2025\/06\/red-tanker-truck-wet-road-sunset-scaled.jpg 780w, https:\/\/grlogisticsarl.com\/wp-content\/uploads\/2025\/06\/red-tanker-truck-wet-road-sunset-scaled.jpg 360w\" sizes=\"auto, (max-width: 480px) 150px\" src=\"https:\/\/grlogisticsarl.com\/wp-content\/uploads\/2025\/06\/red-tanker-truck-wet-road-sunset-1024x585.jpg\" alt=\"GPS-tracked fuel tankers\" class=\"uag-image-2549\" width=\"1024\" height=\"585\" title=\"GPS-tracked fuel tankers\" loading=\"lazy\" role=\"img\"\/><\/figure><\/div>\n<\/div>\n<\/div><\/div>\n\n\n\n<div class=\"wp-block-uagb-container uagb-layout-grid uagb-block-33f42645 alignfull uagb-is-root-container\"><div class=\"uagb-container-inner-blocks-wrap\">\n<div class=\"wp-block-uagb-advanced-heading uagb-block-469ef222\"><h3 class=\"uagb-heading-text\">Besoin d\u2019un service fiable en carburant ou en transport ?<\/h3><p class=\"uagb-desc-text translation-block\">Contactez-nous d\u00e8s aujourd\u2019hui pour un devis personnalis\u00e9 ou pour parler \u00e0 notre \u00e9quipe logistique.<\/p><\/div>\n\n\n\n<div class=\"wp-block-uagb-buttons uagb-buttons__outer-wrap uagb-btn__default-btn uagb-btn-tablet__default-btn uagb-btn-mobile__default-btn uagb-block-d06e9bda\"><div class=\"uagb-buttons__wrap uagb-buttons-layout-wrap\">\n<div class=\"wp-block-uagb-buttons-child uagb-buttons__outer-wrap uagb-block-f4dacab3 wp-block-button\"><div class=\"uagb-button__wrapper\"><a class=\"uagb-buttons-repeater wp-block-button__link\" aria-label=\"\" href=\"\/fr\/contact\/\" rel=\"follow noopener\" target=\"_self\" role=\"button\"><div class=\"uagb-button__link\">Contactez-Nous<\/div><\/a><\/div><\/div>\n<\/div><\/div>\n<\/div><\/div>\n\n\n\n<p><\/p>","protected":false},"excerpt":{"rendered":"<p>Services We supply high-quality fuel products across the DRC to meet your operational needs. Our fuel is sourced from trusted suppliers and delivered to your site, safely and efficiently. Logistics Services Fuel Transport Services Our GPS-tracked fuel tankers deliver across all regions of the DRC, including remote mining sites and infrastructure projects. We follow strict [&hellip;]<\/p>","protected":false},"author":1,"featured_media":2480,"parent":0,"menu_order":0,"comment_status":"closed","ping_status":"closed","template":"","meta":{"_uag_custom_page_level_css":"","site-sidebar-layout":"no-sidebar","site-content-layout":"plain-container","ast-site-content-layout":"normal-width-container","site-content-style":"unboxed","site-sidebar-style":"unboxed","ast-global-header-display":"","ast-banner-title-visibility":"","ast-main-header-display":"","ast-hfb-above-header-display":"","ast-hfb-below-header-display":"","ast-hfb-mobile-header-display":"","site-post-title":"disabled","ast-breadcrumbs-content":"","ast-featured-img":"disabled","footer-sml-layout":"","theme-transparent-header-meta":"enabled","adv-header-id-meta":"","stick-header-meta":"","header-above-stick-meta":"","header-main-stick-meta":"","header-below-stick-meta":"","astra-migrate-meta-layouts":"set","ast-page-background-enabled":"default","ast-page-background-meta":{"desktop":{"background-color":"","background-image":"","background-repeat":"repeat","background-position":"center center","background-size":"auto","background-attachment":"scroll","background-type":"","background-media":"","overlay-type":"","overlay-color":"","overlay-opacity":"","overlay-gradient":""},"tablet":{"background-color":"","background-image":"","background-repeat":"repeat","background-position":"center center","background-size":"auto","background-attachment":"scroll","background-type":"","background-media":"","overlay-type":"","overlay-color":"","overlay-opacity":"","overlay-gradient":""},"mobile":{"background-color":"","background-image":"","background-repeat":"repeat","background-position":"center center","background-size":"auto","background-attachment":"scroll","background-type":"","background-media":"","overlay-type":"","overlay-color":"","overlay-opacity":"","overlay-gradient":""}},"ast-content-background-meta":{"desktop":{"background-color":"var(--ast-global-color-5)","background-image":"","background-repeat":"repeat","background-position":"center center","background-size":"auto","background-attachment":"scroll","background-type":"","background-media":"","overlay-type":"","overlay-color":"","overlay-opacity":"","overlay-gradient":""},"tablet":{"background-color":"var(--ast-global-color-5)","background-image":"","background-repeat":"repeat","background-position":"center center","background-size":"auto","background-attachment":"scroll","background-type":"","background-media":"","overlay-type":"","overlay-color":"","overlay-opacity":"","overlay-gradient":""},"mobile":{"background-color":"var(--ast-global-color-5)","background-image":"","background-repeat":"repeat","background-position":"center center","background-size":"auto","background-attachment":"scroll","background-type":"","background-media":"","overlay-type":"","overlay-color":"","overlay-opacity":"","overlay-gradient":""}},"footnotes":""},"class_list":["post-964","page","type-page","status-publish","has-post-thumbnail","hentry"],"aioseo_notices":[],"uagb_featured_image_src":{"full":["https:\/\/grlogisticsarl.com\/wp-content\/uploads\/2025\/04\/freepik__the-style-is-candid-image-photography-with-natural__50960.png",1344,768,false],"thumbnail":["https:\/\/grlogisticsarl.com\/wp-content\/uploads\/2025\/04\/freepik__the-style-is-candid-image-photography-with-natural__50960-150x150.png",150,150,true],"medium":["https:\/\/grlogisticsarl.com\/wp-content\/uploads\/2025\/04\/freepik__the-style-is-candid-image-photography-with-natural__50960-300x171.png",300,171,true],"medium_large":["https:\/\/grlogisticsarl.com\/wp-content\/uploads\/2025\/04\/freepik__the-style-is-candid-image-photography-with-natural__50960-768x439.png",768,439,true],"large":["https:\/\/grlogisticsarl.com\/wp-content\/uploads\/2025\/04\/freepik__the-style-is-candid-image-photography-with-natural__50960-1024x585.png",1024,585,true],"1536x1536":["https:\/\/grlogisticsarl.com\/wp-content\/uploads\/2025\/04\/freepik__the-style-is-candid-image-photography-with-natural__50960.png",1344,768,false],"2048x2048":["https:\/\/grlogisticsarl.com\/wp-content\/uploads\/2025\/04\/freepik__the-style-is-candid-image-photography-with-natural__50960.png",1344,768,false],"trp-custom-language-flag":["https:\/\/grlogisticsarl.com\/wp-content\/uploads\/2025\/04\/freepik__the-style-is-candid-image-photography-with-natural__50960.png",18,10,false]},"uagb_author_info":{"display_name":"engatto75@gmail.com","author_link":"https:\/\/grlogisticsarl.com\/fr\/author\/engatto75gmail-com\/"},"uagb_comment_info":0,"uagb_excerpt":"Services We supply high-quality fuel products across the DRC to meet your operational needs. Our fuel is sourced from trusted suppliers and delivered to your site, safely and efficiently. Logistics Services Fuel Transport Services Our GPS-tracked fuel tankers deliver across all regions of the DRC, including remote mining sites and infrastructure projects. We follow strict\u2026","_links":{"self":[{"href":"https:\/\/grlogisticsarl.com\/fr\/wp-json\/wp\/v2\/pages\/964","targetHints":{"allow":["GET"]}}],"collection":[{"href":"https:\/\/grlogisticsarl.com\/fr\/wp-json\/wp\/v2\/pages"}],"about":[{"href":"https:\/\/grlogisticsarl.com\/fr\/wp-json\/wp\/v2\/types\/page"}],"author":[{"embeddable":true,"href":"https:\/\/grlogisticsarl.com\/fr\/wp-json\/wp\/v2\/users\/1"}],"replies":[{"embeddable":true,"href":"https:\/\/grlogisticsarl.com\/fr\/wp-json\/wp\/v2\/comments?post=964"}],"version-history":[{"count":11,"href":"https:\/\/grlogisticsarl.com\/fr\/wp-json\/wp\/v2\/pages\/964\/revisions"}],"predecessor-version":[{"id":2684,"href":"https:\/\/grlogisticsarl.com\/fr\/wp-json\/wp\/v2\/pages\/964\/revisions\/2684"}],"wp:featuredmedia":[{"embeddable":true,"href":"https:\/\/grlogisticsarl.com\/fr\/wp-json\/wp\/v2\/media\/2480"}],"wp:attachment":[{"href":"https:\/\/grlogisticsarl.com\/fr\/wp-json\/wp\/v2\/media?parent=964"}],"curies":[{"name":"wp","href":"https:\/\/api.w.org\/{rel}","templated":true}]}}